{"id":156,"date":"2025-01-03T11:20:43","date_gmt":"2025-01-03T16:20:43","guid":{"rendered":"https:\/\/zambudio.es\/?page_id=156"},"modified":"2025-01-07T13:56:01","modified_gmt":"2025-01-07T18:56:01","slug":"nosotros","status":"publish","type":"page","link":"https:\/\/zambudio.es\/?page_id=156","title":{"rendered":"Nosotros"},"content":{"rendered":"\t\t<div data-elementor-type=\"wp-page\" data-elementor-id=\"156\" class=\"elementor elementor-156\" data-elementor-post-type=\"page\">\n\t\t\t\t<div class=\"elementor-element elementor-element-f10229c e-flex e-con-boxed e-con e-parent\" data-id=\"f10229c\" data-element_type=\"container\" data-settings=\"{&quot;background_background&quot;:&quot;classic&quot;}\">\n\t\t\t\t\t<div class=\"e-con-inner\">\n\t\t\t\t<div class=\"elementor-element elementor-element-4bc62c8 elementor-widget elementor-widget-heading\" data-id=\"4bc62c8\" data-element_type=\"widget\" data-widget_type=\"heading.default\">\n\t\t\t\t<div class=\"elementor-widget-container\">\n\t\t\t\t\t<h2 class=\"elementor-heading-title elementor-size-default\">Nosotros<\/h2>\t\t\t\t<\/div>\n\t\t\t\t<\/div>\n\t\t\t\t\t<\/div>\n\t\t\t\t<\/div>\n\t\t<div class=\"elementor-element elementor-element-7d31109 e-flex e-con-boxed e-con e-parent\" data-id=\"7d31109\" data-element_type=\"container\">\n\t\t\t\t\t<div class=\"e-con-inner\">\n\t\t<div class=\"elementor-element elementor-element-73e06d3 e-con-full e-flex e-con e-child\" data-id=\"73e06d3\" data-element_type=\"container\">\n\t\t\t\t<div class=\"elementor-element elementor-element-ccebba8 guion-encabezado elementor-widget elementor-widget-heading\" data-id=\"ccebba8\" data-element_type=\"widget\" data-widget_type=\"heading.default\">\n\t\t\t\t<div class=\"elementor-widget-container\">\n\t\t\t\t\t<h2 class=\"elementor-heading-title elementor-size-default\">Apellido<\/h2>\t\t\t\t<\/div>\n\t\t\t\t<\/div>\n\t\t\t\t<div class=\"elementor-element elementor-element-9008362 elementor-widget elementor-widget-text-editor\" data-id=\"9008362\" data-element_type=\"widget\" data-widget_type=\"text-editor.default\">\n\t\t\t\t<div class=\"elementor-widget-container\">\n\t\t\t\t\t\t\t\t\t<p>ZAMBUDIO es el apellido del fundador de las primeras iniciativas empresariales que posteriormente constituyeron la actual corporaci\u00f3n. A mediados de la d\u00e9cada de los a\u00f1os 80 del siglo pasado se pusieron los cimientos de sendas empresas de agricultura e instalaciones telef\u00f3nicas que comenzaron a operar en Espa\u00f1a, Argentina, Per\u00fa y Brasil.<\/p><p>Casi medio siglo despu\u00e9s, ZAMBUDIO, y todos los valores que el apellido representa, sigue siendo nuestra principal se\u00f1a de identidad en todo el mundo.<\/p>\t\t\t\t\t\t\t\t<\/div>\n\t\t\t\t<\/div>\n\t\t\t\t<\/div>\n\t\t<div class=\"elementor-element elementor-element-fcd137e e-con-full e-flex e-con e-child\" data-id=\"fcd137e\" data-element_type=\"container\">\n\t\t\t\t<div class=\"elementor-element elementor-element-b687a84 elementor-widget elementor-widget-image\" data-id=\"b687a84\" data-element_type=\"widget\" data-widget_type=\"image.default\">\n\t\t\t\t<div class=\"elementor-widget-container\">\n\t\t\t\t\t\t\t\t\t\t\t\t\t\t\t<img fetchpriority=\"high\" decoding=\"async\" width=\"577\" height=\"496\" src=\"https:\/\/zambudio.es\/wp-content\/uploads\/2025\/01\/zambudio.png\" class=\"attachment-large size-large wp-image-164\" alt=\"\" \/>\t\t\t\t\t\t\t\t\t\t\t\t\t\t\t<\/div>\n\t\t\t\t<\/div>\n\t\t\t\t<\/div>\n\t\t\t\t\t<\/div>\n\t\t\t\t<\/div>\n\t\t<div class=\"elementor-element elementor-element-75c4dcb e-flex e-con-boxed e-con e-parent\" data-id=\"75c4dcb\" data-element_type=\"container\">\n\t\t\t\t\t<div class=\"e-con-inner\">\n\t\t<div class=\"elementor-element elementor-element-0c2c840 e-con-full e-flex e-con e-child\" data-id=\"0c2c840\" data-element_type=\"container\">\n\t\t\t\t<div class=\"elementor-element elementor-element-209933c elementor-widget elementor-widget-image\" data-id=\"209933c\" data-element_type=\"widget\" data-widget_type=\"image.default\">\n\t\t\t\t<div class=\"elementor-widget-container\">\n\t\t\t\t\t\t\t\t\t\t\t\t\t\t\t<img decoding=\"async\" width=\"800\" height=\"533\" src=\"https:\/\/zambudio.es\/wp-content\/uploads\/2025\/01\/Foto-para-Equipo.webp\" class=\"attachment-large size-large wp-image-168\" alt=\"\" \/>\t\t\t\t\t\t\t\t\t\t\t\t\t\t\t<\/div>\n\t\t\t\t<\/div>\n\t\t\t\t<\/div>\n\t\t<div class=\"elementor-element elementor-element-0f6ab1d e-con-full e-flex e-con e-child\" data-id=\"0f6ab1d\" data-element_type=\"container\">\n\t\t\t\t<div class=\"elementor-element elementor-element-c73ad77 guion-encabezado elementor-widget elementor-widget-heading\" data-id=\"c73ad77\" data-element_type=\"widget\" data-widget_type=\"heading.default\">\n\t\t\t\t<div class=\"elementor-widget-container\">\n\t\t\t\t\t<h2 class=\"elementor-heading-title elementor-size-default\">Equipo<\/h2>\t\t\t\t<\/div>\n\t\t\t\t<\/div>\n\t\t\t\t<div class=\"elementor-element elementor-element-cd5e7c0 elementor-widget elementor-widget-text-editor\" data-id=\"cd5e7c0\" data-element_type=\"widget\" data-widget_type=\"text-editor.default\">\n\t\t\t\t<div class=\"elementor-widget-container\">\n\t\t\t\t\t\t\t\t\t<p>Somos m\u00e1s de 300 profesionales especializados en diferentes \u00e1reas de actividad. A algunos de nosotros nos separan miles de kil\u00f3metros, pero a todos nos une el deseo de crecer e innovar juntos.<\/p><p>Trabajamos cada d\u00eda entre el origen y el futuro: conocemos el origen de la vida vegetal y el esfuerzo que hace una semilla para germinar y dar frutos; y al mismo tiempo conocemos las posibilidades de futuro que nos brindan las redes de conectividad, las energ\u00edas alternativas y la automatizaci\u00f3n basada en IA.<\/p><p>Con esta visi\u00f3n global nos enfrentamos diariamente a nuevos desaf\u00edos con una mentalidad proactiva y creativa. Estamos capacitados para encontrar soluciones efectivas y eficientes a cualquier obst\u00e1culo que se presente.<\/p>\t\t\t\t\t\t\t\t<\/div>\n\t\t\t\t<\/div>\n\t\t\t\t<\/div>\n\t\t\t\t\t<\/div>\n\t\t\t\t<\/div>\n\t\t<div class=\"elementor-element elementor-element-1d0f9f5 e-flex e-con-boxed e-con e-parent\" data-id=\"1d0f9f5\" data-element_type=\"container\">\n\t\t\t\t\t<div class=\"e-con-inner\">\n\t\t<div class=\"elementor-element elementor-element-611cf3b e-con-full e-flex e-con e-child\" data-id=\"611cf3b\" data-element_type=\"container\">\n\t\t\t\t<div class=\"elementor-element elementor-element-73daa4a guion-encabezado elementor-widget elementor-widget-heading\" data-id=\"73daa4a\" data-element_type=\"widget\" data-widget_type=\"heading.default\">\n\t\t\t\t<div class=\"elementor-widget-container\">\n\t\t\t\t\t<h2 class=\"elementor-heading-title elementor-size-default\">Principios<\/h2>\t\t\t\t<\/div>\n\t\t\t\t<\/div>\n\t\t\t\t<div class=\"elementor-element elementor-element-59d36c9 elementor-widget elementor-widget-text-editor\" data-id=\"59d36c9\" data-element_type=\"widget\" data-widget_type=\"text-editor.default\">\n\t\t\t\t<div class=\"elementor-widget-container\">\n\t\t\t\t\t\t\t\t\t<p>Las convicciones que dan soporte a nuestra actividad diaria trascienden a los productos o servicios que ofrecemos. Nuestra <strong>misi\u00f3n<\/strong> es impulsar el \u00e9xito de nuestros clientes mediante un amplio cat\u00e1logo de soluciones de car\u00e1cter integral.<\/p><p>La <strong>visi\u00f3n<\/strong> con la que comenzamos cada d\u00eda es crecer de manera inclusiva y sostenible, convirti\u00e9ndonos en la herramienta m\u00e1s eficiente para que nuestros clientes aprovechen las oportunidades de mercado y logren sus objetivos.<\/p><p>Queremos que nuestros <strong>valores<\/strong> sigan siendo la capacidad de ofrecer respuestas adaptadas a cada requerimiento; la competitividad en tiempo, calidad y precio; y la responsabilidad con los compromisos adquiridos.<\/p>\t\t\t\t\t\t\t\t<\/div>\n\t\t\t\t<\/div>\n\t\t\t\t<\/div>\n\t\t<div class=\"elementor-element elementor-element-fb07945 e-con-full e-flex e-con e-child\" data-id=\"fb07945\" data-element_type=\"container\">\n\t\t\t\t<div class=\"elementor-element elementor-element-479bb34 elementor-widget elementor-widget-image\" data-id=\"479bb34\" data-element_type=\"widget\" data-widget_type=\"image.default\">\n\t\t\t\t<div class=\"elementor-widget-container\">\n\t\t\t\t\t\t\t\t\t\t\t\t\t\t\t<img decoding=\"async\" width=\"800\" height=\"450\" src=\"https:\/\/zambudio.es\/wp-content\/uploads\/2025\/01\/Foto-para-principios.webp\" class=\"attachment-large size-large wp-image-173\" alt=\"\" \/>\t\t\t\t\t\t\t\t\t\t\t\t\t\t\t<\/div>\n\t\t\t\t<\/div>\n\t\t\t\t<\/div>\n\t\t\t\t\t<\/div>\n\t\t\t\t<\/div>\n\t\t\t\t<\/div>\n\t\t","protected":false},"excerpt":{"rendered":"<p>Apellido ZAMBUDIO es el apellido del fundador de las primeras iniciativas empresariales que posteriormente constituyeron la actual corporaci\u00f3n. A mediados de la d\u00e9cada de los a\u00f1os 80 del siglo pasado se pusieron los cimientos de sendas empresas de agricultura e instalaciones telef\u00f3nicas que comenzaron a operar en Espa\u00f1a, Argentina, Per\u00fa y Brasil. Casi medio siglo [&hellip;]<\/p>\n","protected":false},"author":1,"featured_media":0,"parent":0,"menu_order":0,"comment_status":"closed","ping_status":"closed","template":"","meta":{"footnotes":""},"class_list":["post-156","page","type-page","status-publish","hentry"],"_links":{"self":[{"href":"https:\/\/zambudio.es\/index.php?rest_route=\/wp\/v2\/pages\/156","targetHints":{"allow":["GET"]}}],"collection":[{"href":"https:\/\/zambudio.es\/index.php?rest_route=\/wp\/v2\/pages"}],"about":[{"href":"https:\/\/zambudio.es\/index.php?rest_route=\/wp\/v2\/types\/page"}],"author":[{"embeddable":true,"href":"https:\/\/zambudio.es\/index.php?rest_route=\/wp\/v2\/users\/1"}],"replies":[{"embeddable":true,"href":"https:\/\/zambudio.es\/index.php?rest_route=%2Fwp%2Fv2%2Fcomments&post=156"}],"version-history":[{"count":16,"href":"https:\/\/zambudio.es\/index.php?rest_route=\/wp\/v2\/pages\/156\/revisions"}],"predecessor-version":[{"id":454,"href":"https:\/\/zambudio.es\/index.php?rest_route=\/wp\/v2\/pages\/156\/revisions\/454"}],"wp:attachment":[{"href":"https:\/\/zambudio.es\/index.php?rest_route=%2Fwp%2Fv2%2Fmedia&parent=156"}],"curies":[{"name":"wp","href":"https:\/\/api.w.org\/{rel}","templated":true}]}}