{"id":469,"date":"2025-01-07T14:03:56","date_gmt":"2025-01-07T19:03:56","guid":{"rendered":"https:\/\/zambudio.es\/areas-de-negocio-copy\/"},"modified":"2025-10-02T11:00:22","modified_gmt":"2025-10-02T16:00:22","slug":"areas-de-negocio","status":"publish","type":"page","link":"https:\/\/zambudio.es\/?page_id=469","title":{"rendered":"\u00c1reas de Negocio"},"content":{"rendered":"\t\t<div data-elementor-type=\"wp-page\" data-elementor-id=\"469\" class=\"elementor elementor-469\" data-elementor-post-type=\"page\">\n\t\t\t\t<div class=\"elementor-element elementor-element-f10229c e-flex e-con-boxed e-con e-parent\" data-id=\"f10229c\" data-element_type=\"container\" data-settings=\"{&quot;background_background&quot;:&quot;classic&quot;}\">\n\t\t\t\t\t<div class=\"e-con-inner\">\n\t\t\t\t<div class=\"elementor-element elementor-element-4bc62c8 elementor-widget elementor-widget-heading\" data-id=\"4bc62c8\" data-element_type=\"widget\" data-widget_type=\"heading.default\">\n\t\t\t\t<div class=\"elementor-widget-container\">\n\t\t\t\t\t<h2 class=\"elementor-heading-title elementor-size-default\">\u00c1reas de Negocio<\/h2>\t\t\t\t<\/div>\n\t\t\t\t<\/div>\n\t\t\t\t\t<\/div>\n\t\t\t\t<\/div>\n\t\t<div class=\"elementor-element elementor-element-61043b6 e-flex e-con-boxed e-con e-parent\" data-id=\"61043b6\" data-element_type=\"container\">\n\t\t\t\t\t<div class=\"e-con-inner\">\n\t\t\t\t<div class=\"elementor-element elementor-element-36fe26a elementor-widget elementor-widget-text-editor\" data-id=\"36fe26a\" data-element_type=\"widget\" data-widget_type=\"text-editor.default\">\n\t\t\t\t<div class=\"elementor-widget-container\">\n\t\t\t\t\t\t\t\t\t<span style=\"color: #b83030; font-size: 24px; font-weight: 500;\">Cultivamos cosechas, conectamos mundos, transformamos energ\u00eda y fabricamos tiempo.<\/span><br>\n\nEn el horizonte entre la tierra f\u00e9rtil y la innovaci\u00f3n tecnol\u00f3gica emerge la actividad de Grupo Zambudio.<br>\n\nHemos convertido la sostenibilidad econ\u00f3mica, ambiental y social en nuestra filosof\u00eda de trabajo.\t\t\t\t\t\t\t\t<\/div>\n\t\t\t\t<\/div>\n\t\t\t\t\t<\/div>\n\t\t\t\t<\/div>\n\t\t<div class=\"elementor-element elementor-element-7d31109 e-flex e-con-boxed e-con e-parent\" data-id=\"7d31109\" data-element_type=\"container\">\n\t\t\t\t\t<div class=\"e-con-inner\">\n\t\t<div class=\"elementor-element elementor-element-73e06d3 e-con-full e-flex e-con e-child\" data-id=\"73e06d3\" data-element_type=\"container\">\n\t\t\t\t<div class=\"elementor-element elementor-element-ccebba8 guion-encabezado elementor-widget elementor-widget-heading\" data-id=\"ccebba8\" data-element_type=\"widget\" data-widget_type=\"heading.default\">\n\t\t\t\t<div class=\"elementor-widget-container\">\n\t\t\t\t\t<h2 class=\"elementor-heading-title elementor-size-default\">AGRO<\/h2>\t\t\t\t<\/div>\n\t\t\t\t<\/div>\n\t\t\t\t<div class=\"elementor-element elementor-element-9008362 elementor-widget elementor-widget-text-editor\" data-id=\"9008362\" data-element_type=\"widget\" data-widget_type=\"text-editor.default\">\n\t\t\t\t<div class=\"elementor-widget-container\">\n\t\t\t\t\t\t\t\t\t<p><strong>Citr\u00edcola<\/strong>. Cultivamos las variedades m\u00e1s cotizadas de lim\u00f3n (Eureka, Fino y Verna), naranja (Navelina y Powell) y mandarina (Clemenvilla y Murcott). Producci\u00f3n propia en Murcia, la principal regi\u00f3n productora de c\u00edtricos de toda Europa por volumen y por calidad de producto.<\/p>\t\t\t\t\t\t\t\t<\/div>\n\t\t\t\t<\/div>\n\t\t\t\t<\/div>\n\t\t\t\t\t<\/div>\n\t\t\t\t<\/div>\n\t\t<div class=\"elementor-element elementor-element-119f893 e-flex e-con-boxed e-con e-parent\" data-id=\"119f893\" data-element_type=\"container\">\n\t\t\t\t\t<div class=\"e-con-inner\">\n\t\t\t\t<div class=\"elementor-element elementor-element-3a27d68 elementor-widget elementor-widget-video\" data-id=\"3a27d68\" data-element_type=\"widget\" data-settings=\"{&quot;video_type&quot;:&quot;hosted&quot;,&quot;autoplay&quot;:&quot;yes&quot;,&quot;play_on_mobile&quot;:&quot;yes&quot;,&quot;loop&quot;:&quot;yes&quot;,&quot;controls&quot;:&quot;yes&quot;}\" data-widget_type=\"video.default\">\n\t\t\t\t<div class=\"elementor-widget-container\">\n\t\t\t\t\t\t\t<div class=\"e-hosted-video elementor-wrapper elementor-open-inline\">\n\t\t\t\t\t<video class=\"elementor-video\" src=\"https:\/\/zambudio.es\/wp-content\/uploads\/2025\/10\/limones.mp4\" autoplay=\"\" loop=\"\" controls=\"\" playsinline=\"\" controlsList=\"nodownload\"><\/video>\n\t\t\t\t<\/div>\n\t\t\t\t\t\t<\/div>\n\t\t\t\t<\/div>\n\t\t\t\t\t<\/div>\n\t\t\t\t<\/div>\n\t\t<div class=\"elementor-element elementor-element-02ba264 e-flex e-con-boxed e-con e-parent\" data-id=\"02ba264\" data-element_type=\"container\">\n\t\t\t\t\t<div class=\"e-con-inner\">\n\t\t\t\t<div class=\"elementor-element elementor-element-a408162 guion-encabezado elementor-widget elementor-widget-heading\" data-id=\"a408162\" data-element_type=\"widget\" data-widget_type=\"heading.default\">\n\t\t\t\t<div class=\"elementor-widget-container\">\n\t\t\t\t\t<h2 class=\"elementor-heading-title elementor-size-default\">TECH<\/h2>\t\t\t\t<\/div>\n\t\t\t\t<\/div>\n\t\t\t\t\t<\/div>\n\t\t\t\t<\/div>\n\t\t<div class=\"elementor-element elementor-element-65f957e e-grid e-con-boxed e-con e-parent\" data-id=\"65f957e\" data-element_type=\"container\">\n\t\t\t\t\t<div class=\"e-con-inner\">\n\t\t\t\t<div class=\"elementor-element elementor-element-b67692c elementor-flip-box--direction-right elementor-flip-box--3d elementor-flip-box--effect-flip elementor-widget elementor-widget-flip-box\" data-id=\"b67692c\" data-element_type=\"widget\" data-widget_type=\"flip-box.default\">\n\t\t\t\t<div class=\"elementor-widget-container\">\n\t\t\t\t\t\t\t<div class=\"elementor-flip-box\" tabindex=\"0\">\n\t\t\t<div class=\"elementor-flip-box__layer elementor-flip-box__front\">\n\t\t\t\t<div class=\"elementor-flip-box__layer__overlay\">\n\t\t\t\t\t<div class=\"elementor-flip-box__layer__inner\">\n\t\t\t\t\t\t\n\t\t\t\t\t\t\t\t\t\t\t\t\t<h4 class=\"elementor-flip-box__layer__title\">\n\t\t\t\t\t\t\t\tConectividad\t\t\t\t\t\t\t<\/h4>\n\t\t\t\t\t\t\n\t\t\t\t\t\t\t\t\t\t\t\t\t<p class=\"elementor-flip-box__layer__description\">\n\t\t\t\t\t\t\t\t \n\n    \t\t\t\t\t\t\t<\/p>\n\t\t\t\t\t\t\t\t\t\t\t<\/div>\n\t\t\t\t<\/div>\n\t\t\t<\/div>\n\t\t\t<div class=\"elementor-flip-box__layer elementor-flip-box__back\">\n\t\t\t<div class=\"elementor-flip-box__layer__overlay\">\n\t\t\t\t<div class=\"elementor-flip-box__layer__inner\">\n\t\t\t\t\t\t\t\t\t\t\t<h4 class=\"elementor-flip-box__layer__title\">\n\t\t\t\t\t\t\tConectividad\t\t\t\t\t\t<\/h4>\n\t\t\t\t\t\n\t\t\t\t\t\t\t\t\t\t\t<p class=\"elementor-flip-box__layer__description\">\n\t\t\t\t\t\t\tPlanificaci\u00f3n, instalaci\u00f3n y mantenimiento de redes e infraestructuras de telecomunicaci\u00f3n; tendidos de fibra \u00f3ptica; radiocomunicaciones, radioenlaces y transmisi\u00f3n \u00f3ptica; equipamientos de telecomunicaci\u00f3n; sistemas radiantes de FM\/TDT; despliegue de redes fijas; despliegue de redes m\u00f3viles; configuraci\u00f3n e integraci\u00f3n de nodos; instalaciones WiFi y repetidores; activaci\u00f3n de equipos de acceso radio 4G y 5G de diversos operadores de telecomunicaci\u00f3n.\t\t\t\t\t\t<\/p>\n\t\t\t\t\t\n\t\t\t\t\t\t\t\t<\/div>\n\t\t<\/div>\n\t\t<\/div>\n\t\t<\/div>\n\t\t\t\t\t\t<\/div>\n\t\t\t\t<\/div>\n\t\t\t\t<div class=\"elementor-element elementor-element-d4ace40 elementor-flip-box--direction-right elementor-flip-box--3d elementor-flip-box--effect-flip elementor-widget elementor-widget-flip-box\" data-id=\"d4ace40\" data-element_type=\"widget\" data-widget_type=\"flip-box.default\">\n\t\t\t\t<div class=\"elementor-widget-container\">\n\t\t\t\t\t\t\t<div class=\"elementor-flip-box\" tabindex=\"0\">\n\t\t\t<div class=\"elementor-flip-box__layer elementor-flip-box__front\">\n\t\t\t\t<div class=\"elementor-flip-box__layer__overlay\">\n\t\t\t\t\t<div class=\"elementor-flip-box__layer__inner\">\n\t\t\t\t\t\t\n\t\t\t\t\t\t\t\t\t\t\t\t\t<h4 class=\"elementor-flip-box__layer__title\">\n\t\t\t\t\t\t\t\tEnerg\u00edas Renovables\t\t\t\t\t\t\t<\/h4>\n\t\t\t\t\t\t\n\t\t\t\t\t\t\t\t\t\t\t\t\t<p class=\"elementor-flip-box__layer__description\">\n\t\t\t\t\t\t\t\t \n\n    \t\t\t\t\t\t\t<\/p>\n\t\t\t\t\t\t\t\t\t\t\t<\/div>\n\t\t\t\t<\/div>\n\t\t\t<\/div>\n\t\t\t<div class=\"elementor-flip-box__layer elementor-flip-box__back\">\n\t\t\t<div class=\"elementor-flip-box__layer__overlay\">\n\t\t\t\t<div class=\"elementor-flip-box__layer__inner\">\n\t\t\t\t\t\t\t\t\t\t\t<h4 class=\"elementor-flip-box__layer__title\">\n\t\t\t\t\t\t\tEnerg\u00edas Renovables\t\t\t\t\t\t<\/h4>\n\t\t\t\t\t\n\t\t\t\t\t\t\t\t\t\t\t<p class=\"elementor-flip-box__layer__description\">\n\t\t\t\t\t\t\tProyectos fotovoltaicos llave en mano, instalaci\u00f3n global de\n              infraestructuras de energ\u00eda solar para autoconsumo en uso\n              residencial e industrial, parques solares fotovoltaicos, con\n              especial implantaci\u00f3n en toda la franja mediterr\u00e1nea espa\u00f1ola, as\u00ed\n              como en Portugal y Latinoam\u00e9rica.\t\t\t\t\t\t<\/p>\n\t\t\t\t\t\n\t\t\t\t\t\t\t\t<\/div>\n\t\t<\/div>\n\t\t<\/div>\n\t\t<\/div>\n\t\t\t\t\t\t<\/div>\n\t\t\t\t<\/div>\n\t\t\t\t<div class=\"elementor-element elementor-element-62aa880 elementor-flip-box--direction-right elementor-flip-box--3d elementor-flip-box--effect-flip elementor-widget elementor-widget-flip-box\" data-id=\"62aa880\" data-element_type=\"widget\" data-widget_type=\"flip-box.default\">\n\t\t\t\t<div class=\"elementor-widget-container\">\n\t\t\t\t\t\t\t<div class=\"elementor-flip-box\" tabindex=\"0\">\n\t\t\t<div class=\"elementor-flip-box__layer elementor-flip-box__front\">\n\t\t\t\t<div class=\"elementor-flip-box__layer__overlay\">\n\t\t\t\t\t<div class=\"elementor-flip-box__layer__inner\">\n\t\t\t\t\t\t\n\t\t\t\t\t\t\t\t\t\t\t\t\t<h4 class=\"elementor-flip-box__layer__title\">\n\t\t\t\t\t\t\t\tInfraestructuras \t\t\t\t\t\t\t<\/h4>\n\t\t\t\t\t\t\n\t\t\t\t\t\t\t\t\t\t\t\t\t<p class=\"elementor-flip-box__layer__description\">\n\t\t\t\t\t\t\t\t \n\n    \t\t\t\t\t\t\t<\/p>\n\t\t\t\t\t\t\t\t\t\t\t<\/div>\n\t\t\t\t<\/div>\n\t\t\t<\/div>\n\t\t\t<div class=\"elementor-flip-box__layer elementor-flip-box__back\">\n\t\t\t<div class=\"elementor-flip-box__layer__overlay\">\n\t\t\t\t<div class=\"elementor-flip-box__layer__inner\">\n\t\t\t\t\t\t\t\t\t\t\t<h4 class=\"elementor-flip-box__layer__title\">\n\t\t\t\t\t\t\tInfraestructuras El\u00e9ctricas\t\t\t\t\t\t<\/h4>\n\t\t\t\t\t\n\t\t\t\t\t\t\t\t\t\t\t<p class=\"elementor-flip-box__layer__description\">\n\t\t\t\t\t\t\tRedes el\u00e9ctricas a\u00e9reas y subterr\u00e1neas.<br \/>\n              Automatizaci\u00f3n y sistemas de control de instalaciones\n              industriales. Instalaciones para equipos de generaci\u00f3n. Parques de\n              recarga para veh\u00edculos el\u00e9ctricos.\t\t\t\t\t\t<\/p>\n\t\t\t\t\t\n\t\t\t\t\t\t\t\t<\/div>\n\t\t<\/div>\n\t\t<\/div>\n\t\t<\/div>\n\t\t\t\t\t\t<\/div>\n\t\t\t\t<\/div>\n\t\t\t\t<div class=\"elementor-element elementor-element-b69aa40 elementor-flip-box--direction-right elementor-flip-box--3d elementor-flip-box--effect-flip elementor-widget elementor-widget-flip-box\" data-id=\"b69aa40\" data-element_type=\"widget\" data-widget_type=\"flip-box.default\">\n\t\t\t\t<div class=\"elementor-widget-container\">\n\t\t\t\t\t\t\t<div class=\"elementor-flip-box\" tabindex=\"0\">\n\t\t\t<div class=\"elementor-flip-box__layer elementor-flip-box__front\">\n\t\t\t\t<div class=\"elementor-flip-box__layer__overlay\">\n\t\t\t\t\t<div class=\"elementor-flip-box__layer__inner\">\n\t\t\t\t\t\t\n\t\t\t\t\t\t\t\t\t\t\t\t\t<h4 class=\"elementor-flip-box__layer__title\">\n\t\t\t\t\t\t\t\tAutomatizaci\u00f3n\t\t\t\t\t\t\t<\/h4>\n\t\t\t\t\t\t\n\t\t\t\t\t\t\t\t\t\t\t\t\t<p class=\"elementor-flip-box__layer__description\">\n\t\t\t\t\t\t\t\t \n\n    \t\t\t\t\t\t\t<\/p>\n\t\t\t\t\t\t\t\t\t\t\t<\/div>\n\t\t\t\t<\/div>\n\t\t\t<\/div>\n\t\t\t<div class=\"elementor-flip-box__layer elementor-flip-box__back\">\n\t\t\t<div class=\"elementor-flip-box__layer__overlay\">\n\t\t\t\t<div class=\"elementor-flip-box__layer__inner\">\n\t\t\t\t\t\t\t\t\t\t\t<h4 class=\"elementor-flip-box__layer__title\">\n\t\t\t\t\t\t\tAutomatizaci\u00f3n\t\t\t\t\t\t<\/h4>\n\t\t\t\t\t\n\t\t\t\t\t\t\t\t\t\t\t<p class=\"elementor-flip-box__layer__description\">\n\t\t\t\t\t\t\tSistemas 360\u00b0 de automatizaci\u00f3n de procesos mediante el desarrollo de soluciones tecnol\u00f3gicas basadas en IA que permiten optimizar las tareas y generar una mayor eficiencia en la gesti\u00f3n empresarial o administrativa.\t\t\t\t\t\t<\/p>\n\t\t\t\t\t\n\t\t\t\t\t\t\t\t<\/div>\n\t\t<\/div>\n\t\t<\/div>\n\t\t<\/div>\n\t\t\t\t\t\t<\/div>\n\t\t\t\t<\/div>\n\t\t\t\t<div class=\"elementor-element elementor-element-431ec32 elementor-flip-box--direction-right elementor-flip-box--3d elementor-flip-box--effect-flip elementor-widget elementor-widget-flip-box\" data-id=\"431ec32\" data-element_type=\"widget\" data-widget_type=\"flip-box.default\">\n\t\t\t\t<div class=\"elementor-widget-container\">\n\t\t\t\t\t\t\t<div class=\"elementor-flip-box\" tabindex=\"0\">\n\t\t\t<div class=\"elementor-flip-box__layer elementor-flip-box__front\">\n\t\t\t\t<div class=\"elementor-flip-box__layer__overlay\">\n\t\t\t\t\t<div class=\"elementor-flip-box__layer__inner\">\n\t\t\t\t\t\t\n\t\t\t\t\t\t\t\t\t\t\t\t\t<h4 class=\"elementor-flip-box__layer__title\">\n\t\t\t\t\t\t\t\tIngenier\u00eda\t\t\t\t\t\t\t<\/h4>\n\t\t\t\t\t\t\n\t\t\t\t\t\t\t\t\t\t\t\t\t<p class=\"elementor-flip-box__layer__description\">\n\t\t\t\t\t\t\t\t \n\n    \t\t\t\t\t\t\t<\/p>\n\t\t\t\t\t\t\t\t\t\t\t<\/div>\n\t\t\t\t<\/div>\n\t\t\t<\/div>\n\t\t\t<div class=\"elementor-flip-box__layer elementor-flip-box__back\">\n\t\t\t<div class=\"elementor-flip-box__layer__overlay\">\n\t\t\t\t<div class=\"elementor-flip-box__layer__inner\">\n\t\t\t\t\t\t\t\t\t\t\t<h4 class=\"elementor-flip-box__layer__title\">\n\t\t\t\t\t\t\tIngenier\u00eda\t\t\t\t\t\t<\/h4>\n\t\t\t\t\t\n\t\t\t\t\t\t\t\t\t\t\t<p class=\"elementor-flip-box__layer__description\">\n\t\t\t\t\t\t\tConsultor\u00eda, dise\u00f1o y ejecuci\u00f3n de proyectos de instalaciones de\n              redes fijas y m\u00f3viles de telecomunicaciones, radiocomunicaciones,\n              electricidad y energ\u00eda fotovoltaica.\t\t\t\t\t\t<\/p>\n\t\t\t\t\t\n\t\t\t\t\t\t\t\t<\/div>\n\t\t<\/div>\n\t\t<\/div>\n\t\t<\/div>\n\t\t\t\t\t\t<\/div>\n\t\t\t\t<\/div>\n\t\t\t\t\t<\/div>\n\t\t\t\t<\/div>\n\t\t\t\t<\/div>\n\t\t","protected":false},"excerpt":{"rendered":"<p>Cultivamos cosechas, conectamos mundos, transformamos energ\u00eda y fabricamos tiempo. En el horizonte entre la tierra f\u00e9rtil y la innovaci\u00f3n tecnol\u00f3gica emerge la actividad de Grupo Zambudio. Hemos convertido la sostenibilidad econ\u00f3mica, ambiental y social en nuestra filosof\u00eda de trabajo. AGRO Citr\u00edcola. Cultivamos las variedades m\u00e1s cotizadas de lim\u00f3n (Eureka, Fino y Verna), naranja (Navelina y [&hellip;]<\/p>\n","protected":false},"author":1,"featured_media":0,"parent":0,"menu_order":0,"comment_status":"closed","ping_status":"closed","template":"","meta":{"footnotes":""},"class_list":["post-469","page","type-page","status-publish","hentry"],"_links":{"self":[{"href":"https:\/\/zambudio.es\/index.php?rest_route=\/wp\/v2\/pages\/469","targetHints":{"allow":["GET"]}}],"collection":[{"href":"https:\/\/zambudio.es\/index.php?rest_route=\/wp\/v2\/pages"}],"about":[{"href":"https:\/\/zambudio.es\/index.php?rest_route=\/wp\/v2\/types\/page"}],"author":[{"embeddable":true,"href":"https:\/\/zambudio.es\/index.php?rest_route=\/wp\/v2\/users\/1"}],"replies":[{"embeddable":true,"href":"https:\/\/zambudio.es\/index.php?rest_route=%2Fwp%2Fv2%2Fcomments&post=469"}],"version-history":[{"count":13,"href":"https:\/\/zambudio.es\/index.php?rest_route=\/wp\/v2\/pages\/469\/revisions"}],"predecessor-version":[{"id":920,"href":"https:\/\/zambudio.es\/index.php?rest_route=\/wp\/v2\/pages\/469\/revisions\/920"}],"wp:attachment":[{"href":"https:\/\/zambudio.es\/index.php?rest_route=%2Fwp%2Fv2%2Fmedia&parent=469"}],"curies":[{"name":"wp","href":"https:\/\/api.w.org\/{rel}","templated":true}]}}