{"id":480,"date":"2025-01-07T14:39:48","date_gmt":"2025-01-07T19:39:48","guid":{"rendered":"https:\/\/zambudio.es\/areas-de-negocio-copy\/"},"modified":"2025-02-04T08:11:58","modified_gmt":"2025-02-04T13:11:58","slug":"trabaja-con-nosotros","status":"publish","type":"page","link":"https:\/\/zambudio.es\/?page_id=480","title":{"rendered":"Trabaja con Nosotros"},"content":{"rendered":"\t\t<div data-elementor-type=\"wp-page\" data-elementor-id=\"480\" class=\"elementor elementor-480\" data-elementor-post-type=\"page\">\n\t\t\t\t<div class=\"elementor-element elementor-element-f10229c e-flex e-con-boxed e-con e-parent\" data-id=\"f10229c\" data-element_type=\"container\" data-settings=\"{&quot;background_background&quot;:&quot;classic&quot;}\">\n\t\t\t\t\t<div class=\"e-con-inner\">\n\t\t\t\t<div class=\"elementor-element elementor-element-4bc62c8 elementor-widget elementor-widget-heading\" data-id=\"4bc62c8\" data-element_type=\"widget\" data-widget_type=\"heading.default\">\n\t\t\t\t<div class=\"elementor-widget-container\">\n\t\t\t\t\t<h2 class=\"elementor-heading-title elementor-size-default\">Trabaja con Nosotros<\/h2>\t\t\t\t<\/div>\n\t\t\t\t<\/div>\n\t\t\t\t\t<\/div>\n\t\t\t\t<\/div>\n\t\t<div class=\"elementor-element elementor-element-092dbc7 e-flex e-con-boxed e-con e-parent\" data-id=\"092dbc7\" data-element_type=\"container\">\n\t\t\t\t\t<div class=\"e-con-inner\">\n\t\t\t\t<div class=\"elementor-element elementor-element-74dd42c elementor-widget elementor-widget-heading\" data-id=\"74dd42c\" data-element_type=\"widget\" data-widget_type=\"heading.default\">\n\t\t\t\t<div class=\"elementor-widget-container\">\n\t\t\t\t\t<h2 class=\"elementor-heading-title elementor-size-default\">Ofertas vigentes<\/h2>\t\t\t\t<\/div>\n\t\t\t\t<\/div>\n\t\t\t\t<div class=\"elementor-element elementor-element-b0bd899 elementor-widget-divider--view-line elementor-widget elementor-widget-divider\" data-id=\"b0bd899\" data-element_type=\"widget\" data-widget_type=\"divider.default\">\n\t\t\t\t<div class=\"elementor-widget-container\">\n\t\t\t\t\t\t\t<div class=\"elementor-divider\">\n\t\t\t<span class=\"elementor-divider-separator\">\n\t\t\t\t\t\t<\/span>\n\t\t<\/div>\n\t\t\t\t\t\t<\/div>\n\t\t\t\t<\/div>\n\t\t\t\t<div class=\"elementor-element elementor-element-1c5257b elementor-widget elementor-widget-text-editor\" data-id=\"1c5257b\" data-element_type=\"widget\" data-widget_type=\"text-editor.default\">\n\t\t\t\t<div class=\"elementor-widget-container\">\n\t\t\t\t\t\t\t\t\t<p>Somos un grupo de empresas, que nos dedicamos a diferentes sectores relacionados con las telecomunicaciones, las nuevas tecnolog\u00edas y la agricultura.\u00a0 Con un fuerte compromiso con el avance tecnol\u00f3gico, sabemos que para conseguir nuestros objetivos es necesario contar con un equipo de profesionales comprometidos.<\/p><p><strong>Si crees que tu perfil encaja con las actividades de nuestra compa\u00f1\u00eda env\u00edanos tu CV utilizando el formulario.<\/strong><\/p>\t\t\t\t\t\t\t\t<\/div>\n\t\t\t\t<\/div>\n\t\t\t\t<div class=\"elementor-element elementor-element-c04b1e6 elementor-widget elementor-widget-html\" data-id=\"c04b1e6\" data-element_type=\"widget\" data-widget_type=\"html.default\">\n\t\t\t\t<div class=\"elementor-widget-container\">\n\t\t\t\t\t<script src=\"https:\/\/static.b-ite.com\/jobs-api\/loader-v1\/api-loader-v1.min.js\"><\/script>\n\n<div class=\"joboffers-table\" data-bite-jobs-api-listing=\"grupo-empresarial-zambudio-s-l\n:zambudio-listing\"><\/div>\n\t\t\t\t<\/div>\n\t\t\t\t<\/div>\n\t\t\t\t\t<\/div>\n\t\t\t\t<\/div>\n\t\t<div class=\"elementor-element elementor-element-78a1078 e-flex e-con-boxed e-con e-parent\" data-id=\"78a1078\" data-element_type=\"container\" data-settings=\"{&quot;background_background&quot;:&quot;classic&quot;}\">\n\t\t\t\t\t<div class=\"e-con-inner\">\n\t\t\t\t<div class=\"elementor-element elementor-element-8749ff0 elementor-widget elementor-widget-heading\" data-id=\"8749ff0\" data-element_type=\"widget\" data-widget_type=\"heading.default\">\n\t\t\t\t<div class=\"elementor-widget-container\">\n\t\t\t\t\t<h2 class=\"elementor-heading-title elementor-size-default\">\u00a1Te estamos esperando!<\/h2>\t\t\t\t<\/div>\n\t\t\t\t<\/div>\n\t\t\t\t<div class=\"elementor-element elementor-element-5e23534 elementor-widget-divider--view-line elementor-widget elementor-widget-divider\" data-id=\"5e23534\" data-element_type=\"widget\" data-widget_type=\"divider.default\">\n\t\t\t\t<div class=\"elementor-widget-container\">\n\t\t\t\t\t\t\t<div class=\"elementor-divider\">\n\t\t\t<span class=\"elementor-divider-separator\">\n\t\t\t\t\t\t<\/span>\n\t\t<\/div>\n\t\t\t\t\t\t<\/div>\n\t\t\t\t<\/div>\n\t\t\t\t<div class=\"elementor-element elementor-element-637b0f7 elementor-widget elementor-widget-text-editor\" data-id=\"637b0f7\" data-element_type=\"widget\" data-widget_type=\"text-editor.default\">\n\t\t\t\t<div class=\"elementor-widget-container\">\n\t\t\t\t\t\t\t\t\tSomos un grupo de empresas, que nos dedicamos a diferentes sectores relacionados con las telecomunicaciones, las nuevas tecnolog\u00edas y la agricultura.\u00a0 Con un fuerte compromiso con el avance tecnol\u00f3gico, sabemos que para conseguir nuestros objetivos es necesario contar con un equipo de profesionales comprometidos.\n\n\n<strong>Si crees que tu perfil encaja con las actividades de nuestra compa\u00f1\u00eda env\u00edanos tu CV utilizando el formulario.<\/strong>\t\t\t\t\t\t\t\t<\/div>\n\t\t\t\t<\/div>\n\t\t\t\t<div class=\"elementor-element elementor-element-24da183 elementor-align-center elementor-widget elementor-widget-button\" data-id=\"24da183\" data-element_type=\"widget\" data-widget_type=\"button.default\">\n\t\t\t\t<div class=\"elementor-widget-container\">\n\t\t\t\t\t\t\t\t\t<div class=\"elementor-button-wrapper\">\n\t\t\t\t\t<a class=\"elementor-button elementor-button-link elementor-size-sm\" href=\"https:\/\/empleo.zambudio.es\/es\/jobposting\/a830aa83490b407a775a55692984c75982e122465\/apply\">\n\t\t\t\t\t\t<span class=\"elementor-button-content-wrapper\">\n\t\t\t\t\t\t\t\t\t<span class=\"elementor-button-text\">ENV\u00cdA TU CURRICULUM<\/span>\n\t\t\t\t\t<\/span>\n\t\t\t\t\t<\/a>\n\t\t\t\t<\/div>\n\t\t\t\t\t\t\t\t<\/div>\n\t\t\t\t<\/div>\n\t\t\t\t\t<\/div>\n\t\t\t\t<\/div>\n\t\t\t\t<\/div>\n\t\t","protected":false},"excerpt":{"rendered":"<p>Ofertas vigentes Somos un grupo de empresas, que nos dedicamos a diferentes sectores relacionados con las telecomunicaciones, las nuevas tecnolog\u00edas y la agricultura.\u00a0 Con un fuerte compromiso con el avance tecnol\u00f3gico, sabemos que para conseguir nuestros objetivos es necesario contar con un equipo de profesionales comprometidos. Si crees que tu perfil encaja con las actividades [&hellip;]<\/p>\n","protected":false},"author":1,"featured_media":0,"parent":0,"menu_order":0,"comment_status":"closed","ping_status":"closed","template":"","meta":{"footnotes":""},"class_list":["post-480","page","type-page","status-publish","hentry"],"_links":{"self":[{"href":"https:\/\/zambudio.es\/index.php?rest_route=\/wp\/v2\/pages\/480","targetHints":{"allow":["GET"]}}],"collection":[{"href":"https:\/\/zambudio.es\/index.php?rest_route=\/wp\/v2\/pages"}],"about":[{"href":"https:\/\/zambudio.es\/index.php?rest_route=\/wp\/v2\/types\/page"}],"author":[{"embeddable":true,"href":"https:\/\/zambudio.es\/index.php?rest_route=\/wp\/v2\/users\/1"}],"replies":[{"embeddable":true,"href":"https:\/\/zambudio.es\/index.php?rest_route=%2Fwp%2Fv2%2Fcomments&post=480"}],"version-history":[{"count":13,"href":"https:\/\/zambudio.es\/index.php?rest_route=\/wp\/v2\/pages\/480\/revisions"}],"predecessor-version":[{"id":825,"href":"https:\/\/zambudio.es\/index.php?rest_route=\/wp\/v2\/pages\/480\/revisions\/825"}],"wp:attachment":[{"href":"https:\/\/zambudio.es\/index.php?rest_route=%2Fwp%2Fv2%2Fmedia&parent=480"}],"curies":[{"name":"wp","href":"https:\/\/api.w.org\/{rel}","templated":true}]}}