{"id":515,"date":"2025-01-08T08:10:42","date_gmt":"2025-01-08T13:10:42","guid":{"rendered":"https:\/\/zambudio.es\/politica-de-cookies-copy\/"},"modified":"2025-02-19T07:17:01","modified_gmt":"2025-02-19T12:17:01","slug":"politica-de-privacidad","status":"publish","type":"page","link":"https:\/\/zambudio.es\/?page_id=515","title":{"rendered":"Politica de Privacidad"},"content":{"rendered":"\t\t<div data-elementor-type=\"wp-page\" data-elementor-id=\"515\" class=\"elementor elementor-515\" data-elementor-post-type=\"page\">\n\t\t\t\t<div class=\"elementor-element elementor-element-f10229c e-flex e-con-boxed e-con e-parent\" data-id=\"f10229c\" data-element_type=\"container\" data-settings=\"{&quot;background_background&quot;:&quot;classic&quot;}\">\n\t\t\t\t\t<div class=\"e-con-inner\">\n\t\t\t\t<div class=\"elementor-element elementor-element-4bc62c8 elementor-widget elementor-widget-heading\" data-id=\"4bc62c8\" data-element_type=\"widget\" data-widget_type=\"heading.default\">\n\t\t\t\t<div class=\"elementor-widget-container\">\n\t\t\t\t\t<h2 class=\"elementor-heading-title elementor-size-default\">Politica de Privacidad<\/h2>\t\t\t\t<\/div>\n\t\t\t\t<\/div>\n\t\t\t\t\t<\/div>\n\t\t\t\t<\/div>\n\t\t<div class=\"elementor-element elementor-element-3725a90 e-flex e-con-boxed e-con e-parent\" data-id=\"3725a90\" data-element_type=\"container\">\n\t\t\t\t\t<div class=\"e-con-inner\">\n\t\t\t\t<div class=\"elementor-element elementor-element-53c016a elementor-widget elementor-widget-text-editor\" data-id=\"53c016a\" data-element_type=\"widget\" data-widget_type=\"text-editor.default\">\n\t\t\t\t<div class=\"elementor-widget-container\">\n\t\t\t\t\t\t\t\t\t<p><strong>POL\u00cdTICA DE PRIVACIDAD<\/strong><\/p><p>\u00bfQUI\u00c9N ES EL RESPONSABLE DEL TRATAMIENTO DE SUS DATOS?<br \/>\u00bfQU\u00c9 TIPO DE DATOS TRATAMOS?<br \/>\u00bfCON QU\u00c9 FINALIDAD TRATAMOS SUS DATOS PERSONALES?<br \/>\u00bfCU\u00c1L ES LA LEGITIMACI\u00d3N PARA EL TRATAMIENTO DE SUS DATOS?<br \/>\u00bfDURANTE CU\u00c1NTO TIEMPO CONSERVAREMOS SUS DATOS?<br \/>\u00bfCOMPARTIREMOS SUS DATOS CON TERCEROS?<br \/>\u00bfCU\u00c1LES SON TUS DERECHOS CUANDO NOS FACILITA TUS DATOS?<\/p><p>CAMBIOS A LA POL\u00cdTICA DE PRIVACIDAD.<br \/>INFORMACI\u00d3N SOBRE COOKIES<\/p><p>GRUPO EMPRESARIAL ZAMBUDIO, S.L. informa seguidamente de su pol\u00edtica de privacidad aplicada a los datos personales. El uso de la p\u00e1gina web no implica que el usuario deba suministrar informaci\u00f3n alguna respecto a su identidad, no pudiendo ser asociada a un usuario concreto por la empresa. En el supuesto que se suministre datos de car\u00e1cter de personal, estos datos ser\u00e1n recogidos y utilizados conforme a las limitaciones y los derechos recogidos en la citada norma.<\/p><p><strong>POL\u00cdTICA DE PRIVACIDAD<\/strong><\/p><p>\u00bfQUI\u00c9N ES EL RESPONSABLE DEL TRATAMIENTO DE SUS DATOS?<br \/>\u2022 RESPONSABLE DEL TRATAMIENTO de sus datos es: GRUPO ZAMBUDIO, con matriz en GRUPO EMPRESARIAL ZAMBUDIO, S.L.<br \/>\u2022 CIF: B73657462<br \/>\u2022 Direcci\u00f3n postal: Calle Central, 17C, 30100, Espinardo, Murcia (Torre Zambudio)<br \/>\u2022 Correo electr\u00f3nico del DPD: cumplimiento@zambudio.es<\/p><p><strong>\u00bfQU\u00c9 TIPO DE DATOS TRATAMOS?<\/strong><br \/>Dependiendo de los productos, servicios o funcionalidades de los que quiera disfrutar en cada momento necesitaremos tratar unos datos u otros. En general dichos datos, ser\u00e1n, seg\u00fan el caso, los siguientes:<\/p><p>\u2022 Sus datos identificativos (Por ejemplo: Su nombre, apellido, idioma, pa\u00eds desde el que interact\u00fae con nosotros, datos de contacto, etc.)<br \/>\u2022 Datos de conexi\u00f3n, geolocalizaci\u00f3n y navegaci\u00f3n (en caso de que interact\u00fae con nosotros desde el m\u00f3vil, por ejemplo).<br \/>\u2022 Informaci\u00f3n comercial si estuviera suscrito a nuestra newsletter.<br \/>\u2022 Datos sobre sus gustos y preferencias.<\/p><p>Recuerde que, cuando le pidamos que rellene sus datos personales para darle acceso a alguna funcionalidad o servicio de la web, marcaremos algunos campos como obligatorios, puesto que son datos que necesitamos para poder prestarle el servicio o darle acceso a la funcionalidad en cuesti\u00f3n.<br \/>Por favor, tenga en cuenta que, si decide no facilitarnos esos datos, es posible que no pueda completar su registro como usuario o que no pueda disfrutar de esos servicios o funcionalidades.<\/p><p><strong>\u00bfCON QU\u00c9 FINALIDAD TRATAMOS SUS DATOS PERSONALES?<\/strong><\/p><p>Dependiendo de c\u00f3mo interact\u00fae con nuestra web, trataremos sus datos personales para las siguientes finalidades:<\/p><p><strong>1. Para atender las solicitudes o peticiones que realice a trav\u00e9s de los distintos medios incorporados a nuestra web.<\/strong><br \/>S\u00f3lo tratamos los datos personales que sean estrictamente necesarios para gestionar o resolver su solicitud o petici\u00f3n.<\/p><p>2. <strong>Para fines de marketing.<\/strong><br \/>En la medida en que se suscriba a nuestra Newsletter, sus datos personales ser\u00e1n utilizados para la remisi\u00f3n peri\u00f3dica de boletines informativos de la empresa.<br \/>Debe recordar que puede darse de baja de la Newsletter, en cualquier momento y sin coste, poni\u00e9ndose en contacto con nosotros a trav\u00e9s del correo electr\u00f3nico del responsable de tratamiento o siguiendo las indicaciones que le ofreceremos en cada una de nuestras comunicaciones.<\/p><p><strong>3. Para la gesti\u00f3n de redes sociales<\/strong><br \/>En el caso de que nos siga o nos contacte a trav\u00e9s de las diferentes redes sociales en las que estamos presentes, trataremos los datos que usted nos proporcione a trav\u00e9s de las mismas. con la \u00fanica finalidad de dar respuesta a sus mensajes o comentarios y la gesti\u00f3n de nuestra lista de contactos.<\/p><p><strong>4. An\u00e1lisis de usabilidad y de calidad para la mejora de nuestros servicios (Cookies)<\/strong><br \/>Si accede a nuestra Plataforma, le informamos de que trataremos sus datos de navegaci\u00f3n para fines anal\u00edticos y estad\u00edsticos, es decir, para entender la forma en la que los usuarios interact\u00faan con nuestra Plataforma y as\u00ed ser capaces de introducir mejoras en la misma. As\u00ed mismo, en ocasiones, realizamos acciones y encuestas de calidad destinadas a conocer el grado de satisfacci\u00f3n de nuestros clientes y usuarios y detectar aquellas \u00e1reas en las que podemos mejorar.<\/p><p><strong>5. Selecci\u00f3n de personal.<\/strong><br \/>En el caso de que rellene el formulario correspondiente y, en su caso, adjunte su curr\u00edculum, trataremos sus datos como posible solicitante de empleo, respetando al m\u00e1ximo su intimidad<\/p><p><strong>\u00bfCU\u00c1L ES LA LEGITIMACI\u00d3N PARA EL TRATAMIENTO DE SUS DATOS?<br \/><\/strong><br \/>La base legal que nos permite tratar sus datos personales tambi\u00e9n depende de la finalidad para la que los tratemos, de este modo encontraremos distintas bases legales en virtud de las siguientes finalidades:<\/p><p><strong>1. Atenci\u00f3n solicitudes de informaci\u00f3n.<\/strong><br \/>La base legal para el tratamiento de sus datos es el consentimiento informado para dar respuesta a las consultas planteadas a trav\u00e9s de la p\u00e1gina web, lo que supone la aceptaci\u00f3n de estas condiciones por parte del interesado.<\/p><p><strong>2. Marketing.<\/strong><br \/>La base leg\u00edtima para tratar sus datos con finalidades de marketing es el consentimiento que usted presta.<\/p><p><strong>3. Redes sociales<\/strong><br \/>La base de legitimaci\u00f3n es el consentimiento informado para dar respuesta a las consultas planteadas a trav\u00e9s de la red social, as\u00ed como el momento en el que nos sigue y desea forma parte de nuestra lista de contactos.<\/p><p><strong>4. An\u00e1lisis de usabilidad y de calidad (Cookies)<\/strong><br \/>La base de legitimaci\u00f3n es el consentimiento prestado en nuestra web para la instalaci\u00f3n de las cookies que considere oportunas.<\/p><p><strong>5. Selecci\u00f3n de personal.<\/strong><br \/>La base de legitimaci\u00f3n es el consentimiento que nos presta al rellenar el formulario correspondiente y, en su caso, adjuntar su curr\u00edculum vitae.<\/p><p><strong>\u00bfDURANTE CU\u00c1NTO TIEMPO CONSERVAREMOS SUS DATOS?<\/strong><\/p><p>1. Solicitud de informaci\u00f3n.<br \/>Trataremos sus datos durante el tiempo que sea necesario para atender su solicitud o petici\u00f3n y posteriormente 1 a\u00f1o.<br \/>2. Marketing<br \/>Trataremos sus datos hasta que solicite la baja o cancele su suscripci\u00f3n a la newsletter.<br \/>3. Redes sociales<br \/>Trataremos sus datos durante el tiempo que sea necesario para atender su solicitud o petici\u00f3n y mientras sea seguidor de nuestro perfil.<br \/>4. An\u00e1lisis de usabilidad y de calidad (Cookies)<br \/>La base de legitimaci\u00f3n es el consentimiento prestado en nuestra web para la instalaci\u00f3n de las cookies que considere oportunas.<br \/>5. Selecci\u00f3n de personal.<br \/>Trataremos sus datos mientras sean necesarios para el proceso de selecci\u00f3n y, en todo caso, durante el plazo m\u00e1ximo de 1 a\u00f1o.<\/p><p><strong>\u00bfCOMPARTIREMOS SUS DATOS CON TERCEROS?<br \/><\/strong><\/p><p>Los datos personales no ser\u00e1n cedidos o comunicados a terceros, salvo: obligaci\u00f3n legal, obtengamos su consentimiento expreso o entendamos que existe un inter\u00e9s leg\u00edtimo por nuestra parte, que le ser\u00e1 debidamente comunicado.<\/p><p><strong>Redes sociales:<\/strong> <br \/>No obstante, le informamos que estamos presentes en Facebook para mantener a nuestros seguidores informados respecto de las novedades y servicios de la empresa. <br \/>Usted puede acceder a estas redes sociales de manera voluntaria y a trav\u00e9s de los enlaces disponibles en la propia p\u00e1gina web o accediendo directamente y por su cuenta desde el navegador o app instalada. <br \/>Debe saber, que este sitio web no se hace responsable del uso de los datos que estas redes sociales pueden realizar. Sin embargo, cuando estos datos se generen en la red social y deriven de una interacci\u00f3n con nuestra cuenta oficial, seremos corresponsables del tratamiento junto con la red social. <br \/>Para poder consentir nuestra cesi\u00f3n desde este sitio web y el tratamiento que se realiza de sus datos, deber\u00e1 leer detenidamente la pol\u00edtica de privacidad de la red social a la que desee acceder: <br \/>\u2022 Facebook: https:\/\/es-es.facebook.com\/privacy\/explanation<\/p><p>De esta manera, antes de pinchar en los logos de las RR. SS. presentes en nuestra p\u00e1gina web, puede informarse y realizar un redireccionamiento con previo conocimiento del tratamiento de sus datos y de manera voluntaria.<\/p><p><strong>Otras comunicaciones:<\/strong> Empresas del grupo, exclusivamente con fines administrativos internos.<\/p><p><strong>Transferencias internacionales:<\/strong> Cualquier transferencia internacional de datos personales (por ejemplo, en el caso de uso de cookies, redes sociales, etc.) se basar\u00e1 en su consentimiento expreso, en caso de que no exista una decisi\u00f3n de adecuaci\u00f3n, garant\u00edas adecuadas u otra base legal que la legitime<\/p><p><strong>Empresas del grupo:<\/strong><br \/>Sus datos podr\u00e1n compartirse con las compa\u00f1\u00edas del GRUPO EMPRESARIAL, sobre la base legal del inter\u00e9s leg\u00edtimo, exclusivamente con fines administrativos.<br \/>Transferencias internacionales:<br \/>Cualquier transferencia internacional de datos personales (por ejemplo, en el caso de uso de cookies, redes sociales, etc.) se basar\u00e1 en su consentimiento expreso, en caso de que no exista una decisi\u00f3n de adecuaci\u00f3n, garant\u00edas adecuadas u otra base legal que la legitime.<\/p><p><strong>\u00bfCU\u00c1LES SON SUS DERECHOS CUANDO NOS FACILITA SUS DATOS?<br \/><\/strong><br \/>Nos comprometemos a respetar la confidencialidad de sus datos personales y a garantizarle el ejercicio de sus derechos.<br \/>Podr\u00e1 ejercitarlos sin coste alguno remiti\u00e9ndonos un correo electr\u00f3nico a nuestra direcci\u00f3n <strong>cumplimiento@zambudio.es,<\/strong> simplemente indic\u00e1ndonos el motivo de su solicitud y el derecho que quiere ejercitar.<\/p><p>En caso de que lo consideremos necesario para poder identificarle, podremos solicitarle copia de un documento acreditativo de su identidad. En particular, independientemente de la finalidad o la base legal en virtud de la que tratemos sus datos, usted tiene derecho a:<br \/>Pedirnos acceso a los datos suyos de los que disponemos.<br \/>Pedirnos que rectifiquemos los datos de los que ya disponemos. Tenga en cuenta que, al facilitarnos activamente sus datos personales por cualquier v\u00eda, garantiza que son ciertos y exactos y se comprometes a notificarnos cualquier cambio o modificaci\u00f3n de los mismos.<br \/>Pedirnos que suprimamos sus datos en la medida en que ya no sean necesarios para la finalidad para los que necesitemos tratarlos seg\u00fan te hemos informado con anterioridad, o en que ya no contemos con legitimaci\u00f3n para hacerlo.<br \/>Pedirnos que limitemos el tratamiento de sus datos, lo que supone que en determinados casos pueda solicitarnos que suspendamos temporalmente el tratamiento de los datos o que los conservemos m\u00e1s all\u00e1 del tiempo necesario cuando puedas necesitarlo. Si nos ha proporcionado su consentimiento para el tratamiento de sus datos para cualquier finalidad, tambi\u00e9n tiene derecho a retirarlo en cualquier momento.<br \/>Recibir aquellos datos personales que le incumban y que nos haya facilitado, en un formato estructurado, de uso com\u00fan y lectura mec\u00e1nica, as\u00ed como a transmitirlos a otro responsable del tratamiento.<\/p><p>Por otra parte, cuando el tratamiento de sus datos est\u00e9 basado en nuestro inter\u00e9s leg\u00edtimo, tambi\u00e9n tendr\u00e1s derecho a oponerte al tratamiento de sus datos.<br \/>Por \u00faltimo, le informamos de su derecho a presentar una reclamaci\u00f3n ante la autoridad de control en materia de protecci\u00f3n de datos pertinente, en particular, ante la Agencia Espa\u00f1ola de Protecci\u00f3n de Datos https:\/\/www.agpd.es\/portalwebAGPD\/index-ides-idphp.php<\/p><p><strong>CAMBIOS A LA POL\u00cdTICA DE PRIVACIDAD.<br \/><\/strong><br \/>Es posible que modifiquemos la informaci\u00f3n contenida en esta Pol\u00edtica de Privacidad cuando lo estimemos conveniente. En caso de que lo hagamos, se lo notificaremos por distintas v\u00edas a trav\u00e9s de la Plataforma, o incluso se lo comunicaremos a su direcci\u00f3n de correo electr\u00f3nico cuando el cambio en cuesti\u00f3n sea significativo para con su privacidad, de manera que pueda revisar los cambios, valorarlos y, en su caso, oponerse o darse de baja en alg\u00fan servicio o funcionalidad.<\/p><p><strong>INFORMACI\u00d3N SOBRE COOKIES<br \/><\/strong><br \/>Utilizamos cookies y dispositivos similares para facilitar su navegaci\u00f3n en la Plataforma, conocer c\u00f3mo interact\u00faa con nosotros y, en determinados casos, poder mostrarle publicidad en funci\u00f3n de sus h\u00e1bitos de navegaci\u00f3n. Por favor, lea nuestra Pol\u00edtica de Cookies para conocer con mayor detalle las cookies y dispositivos similares que usamos, su finalidad y otra informaci\u00f3n de inter\u00e9s.<\/p>\t\t\t\t\t\t\t\t<\/div>\n\t\t\t\t<\/div>\n\t\t\t\t\t<\/div>\n\t\t\t\t<\/div>\n\t\t\t\t<\/div>\n\t\t","protected":false},"excerpt":{"rendered":"<p>POL\u00cdTICA DE PRIVACIDAD \u00bfQUI\u00c9N ES EL RESPONSABLE DEL TRATAMIENTO DE SUS DATOS?\u00bfQU\u00c9 TIPO DE DATOS TRATAMOS?\u00bfCON QU\u00c9 FINALIDAD TRATAMOS SUS DATOS PERSONALES?\u00bfCU\u00c1L ES LA LEGITIMACI\u00d3N PARA EL TRATAMIENTO DE SUS DATOS?\u00bfDURANTE CU\u00c1NTO TIEMPO CONSERVAREMOS SUS DATOS?\u00bfCOMPARTIREMOS SUS DATOS CON TERCEROS?\u00bfCU\u00c1LES SON TUS DERECHOS CUANDO NOS FACILITA TUS DATOS? CAMBIOS A LA POL\u00cdTICA DE PRIVACIDAD.INFORMACI\u00d3N SOBRE [&hellip;]<\/p>\n","protected":false},"author":1,"featured_media":0,"parent":0,"menu_order":0,"comment_status":"closed","ping_status":"closed","template":"","meta":{"footnotes":""},"class_list":["post-515","page","type-page","status-publish","hentry"],"_links":{"self":[{"href":"https:\/\/zambudio.es\/index.php?rest_route=\/wp\/v2\/pages\/515","targetHints":{"allow":["GET"]}}],"collection":[{"href":"https:\/\/zambudio.es\/index.php?rest_route=\/wp\/v2\/pages"}],"about":[{"href":"https:\/\/zambudio.es\/index.php?rest_route=\/wp\/v2\/types\/page"}],"author":[{"embeddable":true,"href":"https:\/\/zambudio.es\/index.php?rest_route=\/wp\/v2\/users\/1"}],"replies":[{"embeddable":true,"href":"https:\/\/zambudio.es\/index.php?rest_route=%2Fwp%2Fv2%2Fcomments&post=515"}],"version-history":[{"count":7,"href":"https:\/\/zambudio.es\/index.php?rest_route=\/wp\/v2\/pages\/515\/revisions"}],"predecessor-version":[{"id":829,"href":"https:\/\/zambudio.es\/index.php?rest_route=\/wp\/v2\/pages\/515\/revisions\/829"}],"wp:attachment":[{"href":"https:\/\/zambudio.es\/index.php?rest_route=%2Fwp%2Fv2%2Fmedia&parent=515"}],"curies":[{"name":"wp","href":"https:\/\/api.w.org\/{rel}","templated":true}]}}